{"id":80,"date":"2025-11-27T19:22:10","date_gmt":"2025-11-27T19:22:10","guid":{"rendered":"https:\/\/fsbcwhiteplains.org\/?page_id=80"},"modified":"2025-11-27T20:32:09","modified_gmt":"2025-11-27T20:32:09","slug":"praise-and-worship-team","status":"publish","type":"page","link":"https:\/\/fsbcwhiteplains.org\/index.php\/praise-and-worship-team\/","title":{"rendered":"Praise and Worship Team"},"content":{"rendered":"<style type=\"text\/css\" scoped>.rbs_gallery_6a0807ddd39f1Spinner{\r\n\t\t\t\tmargin: 50px auto;\r\n\t\t\t\twidth: 50px;\r\n\t\t\t\theight: 40px;\r\n\t\t\t\ttext-align: center;\r\n\t\t\t\tfont-size: 10px;\r\n\t\t\t}\r\n\t\t\t.rbs_gallery_6a0807ddd39f1Spinner > div{\r\n\t\t\t  background-color: #333;\r\n\t\t\t  height: 100%;\r\n\t\t\t  width: 6px;\r\n\t\t\t  display: inline-block;\r\n\t\t\t  -webkit-animation: rbs_gallery_6a0807ddd39f1-stretchdelay 1.2s infinite ease-in-out;\r\n\t\t\t  animation: rbs_gallery_6a0807ddd39f1-stretchdelay 1.2s infinite ease-in-out;\r\n\t\t\t}\r\n\t\t\t.rbs_gallery_6a0807ddd39f1Spinner .rbs_gallery_6a0807ddd39f1Rect2 {\r\n\t\t\t  -webkit-animation-delay: -1.1s;\r\n\t\t\t  animation-delay: -1.1s;\r\n\t\t\t}\r\n\t\t\t.rbs_gallery_6a0807ddd39f1Spinner .rbs_gallery_6a0807ddd39f1Rect3 {\r\n\t\t\t  -webkit-animation-delay: -1.0s;\r\n\t\t\t  animation-delay: -1.0s;\r\n\t\t\t}\r\n\t\t\t.rbs_gallery_6a0807ddd39f1Spinner .rbs_gallery_6a0807ddd39f1Rect4 {\r\n\t\t\t  -webkit-animation-delay: -0.9s;\r\n\t\t\t  animation-delay: -0.9s;\r\n\t\t\t}\r\n\t\t\t.rbs_gallery_6a0807ddd39f1Spinner .rbs_gallery_6a0807ddd39f1Rect5 {\r\n\t\t\t  -webkit-animation-delay: -0.8s;\r\n\t\t\t  animation-delay: -0.8s;\r\n\t\t\t}\r\n\t\t\t@-webkit-keyframes rbs_gallery_6a0807ddd39f1-stretchdelay {\r\n\t\t\t  0%, 40%, 100% { -webkit-transform: scaleY(0.4) }  \r\n\t\t\t  20% { -webkit-transform: scaleY(1.0) }\r\n\t\t\t}\r\n\t\t\t@keyframes rbs_gallery_6a0807ddd39f1-stretchdelay {\r\n\t\t\t  0%, 40%, 100% { \r\n\t\t\t    transform: scaleY(0.4);\r\n\t\t\t    -webkit-transform: scaleY(0.4);\r\n\t\t\t  }  20% { \r\n\t\t\t    transform: scaleY(1.0);\r\n\t\t\t    -webkit-transform: scaleY(1.0);\r\n\t\t\t  }\r\n\t\t\t}\r\n\t\t<\/style><div class=\"robo-gallery-wrap robo-gallery-wrap-id84 robo-gallery-polaroid\"  oncontextmenu=\"return false\"  onselectstart=\"return false\"  ondragstart=\"return false\" ><div id=\"rbs_gallery_6a0807ddd39f1-block-loader\" class=\"rbs_gallery_6a0807ddd39f1Spinner\"><div class=\"rbs_gallery_6a0807ddd39f1Rect1\"><\/div> <div class=\"rbs_gallery_6a0807ddd39f1Rect2\"><\/div> <div class=\"rbs_gallery_6a0807ddd39f1Rect3\"><\/div> <div class=\"rbs_gallery_6a0807ddd39f1Rect4\"><\/div> <div class=\"rbs_gallery_6a0807ddd39f1Rect5\"><\/div><\/div><div class=\"rbs_gallery_button  rbs_gallery_align_left\" id=\"rbs_gallery_6a0807ddd39f1filter\" style=\" display: none;\" ><a class=\"button button-flat-primary button-large  \" href=\"#\" data-filter=\"*\">All<\/a><\/div><div id=\"robo_gallery_main_block_rbs_gallery_6a0807ddd39f1\" class=\"robogallery-gallery-84\" style=\"width:100%;  display: none;\"><div id=\"rbs_gallery_6a0807ddd39f1\" data-options=\"rbs_gallery_6a0807ddd39f1\" style=\"width:100%;\" class=\"robo_gallery  \"><div class=\"rbs-img  category84 \" ><div class=\"rbs-img-image   rbs-lightbox \" ><div class=\"rbs-img-thumbs\"  data-thumbnail=\"https:\/\/fsbcwhiteplains.org\/wp-content\/uploads\/2025\/11\/praise-and-worship-1-300x144.jpg\"  title=\"praise-and-worship-1\"  data-width=\"300\"  data-height=\"144\" ><\/div><div class=\"rbs-img-data-popup\"  data-popup=\"https:\/\/fsbcwhiteplains.org\/wp-content\/uploads\/2025\/11\/praise-and-worship-1.jpg\"  title=\"praise-and-worship-1\" ><\/div><div class=\"thumbnail-overlay\"><div class=\"rbsTitle \">praise-and-worship-1<\/div><div class=\"rbsIcons\"><i class=\"fa fa-th rbsZoomIcon \" ><\/i><\/div><\/div><\/div><div class=\"rbs-img-content\">praise-and-worship-1<\/div><\/div><div class=\"rbs-img  category84 \" ><div class=\"rbs-img-image   rbs-lightbox \" ><div class=\"rbs-img-thumbs\"  data-thumbnail=\"https:\/\/fsbcwhiteplains.org\/wp-content\/uploads\/2025\/11\/praise-and-worship-2-300x120.jpg\"  title=\"praise-and-worship-2\"  data-width=\"300\"  data-height=\"120\" ><\/div><div class=\"rbs-img-data-popup\"  data-popup=\"https:\/\/fsbcwhiteplains.org\/wp-content\/uploads\/2025\/11\/praise-and-worship-2.jpg\"  title=\"praise-and-worship-2\" ><\/div><div class=\"thumbnail-overlay\"><div class=\"rbsTitle \">praise-and-worship-2<\/div><div class=\"rbsIcons\"><i class=\"fa fa-th rbsZoomIcon \" ><\/i><\/div><\/div><\/div><div class=\"rbs-img-content\">praise-and-worship-2<\/div><\/div><div class=\"rbs-img  category84 \" ><div class=\"rbs-img-image   rbs-lightbox \" ><div class=\"rbs-img-thumbs\"  data-thumbnail=\"https:\/\/fsbcwhiteplains.org\/wp-content\/uploads\/2025\/11\/praise-and-worship-3-225x300.jpg\"  title=\"praise-and-worship-3\"  data-width=\"225\"  data-height=\"300\" ><\/div><div class=\"rbs-img-data-popup\"  data-popup=\"https:\/\/fsbcwhiteplains.org\/wp-content\/uploads\/2025\/11\/praise-and-worship-3.jpg\"  title=\"praise-and-worship-3\" ><\/div><div class=\"thumbnail-overlay\"><div class=\"rbsTitle \">praise-and-worship-3<\/div><div class=\"rbsIcons\"><i class=\"fa fa-th rbsZoomIcon \" ><\/i><\/div><\/div><\/div><div class=\"rbs-img-content\">praise-and-worship-3<\/div><\/div><div class=\"rbs-img  category84 \" ><div class=\"rbs-img-image   rbs-lightbox \" ><div class=\"rbs-img-thumbs\"  data-thumbnail=\"https:\/\/fsbcwhiteplains.org\/wp-content\/uploads\/2025\/11\/praise-and-worship-4-300x225.jpg\"  title=\"praise-and-worship-4\"  data-width=\"300\"  data-height=\"225\" ><\/div><div class=\"rbs-img-data-popup\"  data-popup=\"https:\/\/fsbcwhiteplains.org\/wp-content\/uploads\/2025\/11\/praise-and-worship-4.jpg\"  title=\"praise-and-worship-4\" ><\/div><div class=\"thumbnail-overlay\"><div class=\"rbsTitle \">praise-and-worship-4<\/div><div class=\"rbsIcons\"><i class=\"fa fa-th rbsZoomIcon \" ><\/i><\/div><\/div><\/div><div class=\"rbs-img-content\">praise-and-worship-4<\/div><\/div><div class=\"rbs-img  category84 \" ><div class=\"rbs-img-image   rbs-lightbox \" ><div class=\"rbs-img-thumbs\"  data-thumbnail=\"https:\/\/fsbcwhiteplains.org\/wp-content\/uploads\/2025\/11\/praise-and-worship-5-300x225.jpg\"  title=\"praise-and-worship-5\"  data-width=\"300\"  data-height=\"225\" ><\/div><div class=\"rbs-img-data-popup\"  data-popup=\"https:\/\/fsbcwhiteplains.org\/wp-content\/uploads\/2025\/11\/praise-and-worship-5.jpg\"  title=\"praise-and-worship-5\" ><\/div><div class=\"thumbnail-overlay\"><div class=\"rbsTitle \">praise-and-worship-5<\/div><div class=\"rbsIcons\"><i class=\"fa fa-th rbsZoomIcon \" ><\/i><\/div><\/div><\/div><div class=\"rbs-img-content\">praise-and-worship-5<\/div><\/div><\/div><\/div><\/div><script>var rbs_gallery_6a0807ddd39f1 = {\"version\":\"5.1.0\",\"id\":84,\"class\":\"id84\",\"roboGalleryDelay\":1000,\"mainContainer\":\"#robo_gallery_main_block_rbs_gallery_6a0807ddd39f1\",\"loadingContainer\":\"#rbs_gallery_6a0807ddd39f1-block-loader\",\"loadingContainerObj\":\"rbs_gallery_6a0807ddd39f1-block-loader\",\"columnWidth\":\"auto\",\"columns\":3,\"resolutions\":[{\"columnWidth\":\"auto\",\"columns\":3,\"maxWidth\":960},{\"columnWidth\":\"auto\",\"columns\":2,\"maxWidth\":650},{\"columnWidth\":\"auto\",\"columns\":1,\"maxWidth\":450}],\"protectionEnable\":true,\"lightboxOptions\":{\"gallery\":{\"enabled\":true,\"tCounter\":\"%curr% of %total%\"}},\"borderSize\":5,\"overlayEffect\":\"direction-aware-fade\",\"boxesToLoadStart\":12,\"boxesToLoad\":12,\"waitUntilThumbLoads\":1,\"LoadingWord\":\"Loading...\",\"loadMoreWord\":\"Load More\",\"noMoreEntriesWord\":\"No More Entries\",\"horizontalSpaceBetweenBoxes\":15,\"verticalSpaceBetweenBoxes\":15,\"lazyLoad\":1,\"wrapContainer\":\"#robo-gallery-wrap-rbs_gallery_6a0807ddd39f1\",\"filterContainer\":\"#rbs_gallery_6a0807ddd39f1filter\",\"loadMoreClass\":\"button-flat-primary button-large \"};<\/script>\n<p><b><u>Purpose and Vision<\/u><\/b><\/p>\n<p>\nIt is our belief at French Speaking Baptist Church of White Plains that the Worship Team is a vital part to the ministry of this body of believers. Members of this team view their function as ministers of the gospel through music and song. Our praise and worship provide a place of meeting with God, a place for us to encounter His very presence and embrace His invitation to join Him as He works. God has promised to inhabit our worship, and He will. When God is present, all things are possible. Our mission is to lead the congregation in true worship under the guidance of the Holy Spirit. \u201cGod is Spirit, and those who worship Him must worship Him in spirit and in truth\u201d. (John 4:24)\n<\/p>\n<p>\n\u00c0 l&#8217;\u00c9glise Baptiste d&#8217;Expression Francaise de White Plains, nous croyons que l&#8217;\u00e9quipe d\u2019adoration est un \u00e9l\u00e9ment essentiel du minist\u00e8re de ce corps de croyants. Les membres de cette \u00e9quipe consid\u00e8rent leur fonction de ministres de l\u2019\u00e9vangile \u00e0 travers la musique et le chant. Notre louange et notre adoration fournissent un lieu de rencontre avec Dieu, un lieu o\u00f9 nous pouvons rencontrer sa pr\u00e9sence m\u00eame et accueillir son invitation \u00e0 le rejoindre dans son \u0153uvre. Dieu a promis d\u2019habiter notre culte, et il le fera. Quand Dieu est pr\u00e9sent, tout est possible. Notre mission est de diriger la congr\u00e9gation dans le vrai culte sous la direction du Saint-Esprit. \u00ab Dieu est Esprit, et ceux qui l\u2019adorent doivent l\u2019adorer en esprit et en v\u00e9rit\u00e9 \u00bb. (Jean 4:24)\n<\/p>\n<p>Thank you! Merci!<\/p>\n<p>Yvemene Pierrette<br \/>\nPr\u00e9sident<\/p>\n","protected":false},"excerpt":{"rendered":"<p>Purpose and Vision It is our belief at French Speaking Baptist Church of White Plains that the Worship Team is a vital part to the ministry of this body of believers. Members of this team view their function as ministers of the gospel through music and song. Our praise and worship provide a place of [&hellip;]<\/p>\n","protected":false},"author":1,"featured_media":0,"parent":0,"menu_order":2,"comment_status":"closed","ping_status":"closed","template":"","meta":{"footnotes":""},"class_list":["post-80","page","type-page","status-publish","hentry"],"_links":{"self":[{"href":"https:\/\/fsbcwhiteplains.org\/index.php\/wp-json\/wp\/v2\/pages\/80","targetHints":{"allow":["GET"]}}],"collection":[{"href":"https:\/\/fsbcwhiteplains.org\/index.php\/wp-json\/wp\/v2\/pages"}],"about":[{"href":"https:\/\/fsbcwhiteplains.org\/index.php\/wp-json\/wp\/v2\/types\/page"}],"author":[{"embeddable":true,"href":"https:\/\/fsbcwhiteplains.org\/index.php\/wp-json\/wp\/v2\/users\/1"}],"replies":[{"embeddable":true,"href":"https:\/\/fsbcwhiteplains.org\/index.php\/wp-json\/wp\/v2\/comments?post=80"}],"version-history":[{"count":5,"href":"https:\/\/fsbcwhiteplains.org\/index.php\/wp-json\/wp\/v2\/pages\/80\/revisions"}],"predecessor-version":[{"id":101,"href":"https:\/\/fsbcwhiteplains.org\/index.php\/wp-json\/wp\/v2\/pages\/80\/revisions\/101"}],"wp:attachment":[{"href":"https:\/\/fsbcwhiteplains.org\/index.php\/wp-json\/wp\/v2\/media?parent=80"}],"curies":[{"name":"wp","href":"https:\/\/api.w.org\/{rel}","templated":true}]}}